{"id":4006,"date":"2025-10-25T05:55:45","date_gmt":"2025-10-24T22:55:45","guid":{"rendered":"https:\/\/cellbio.site\/?page_id=4006"},"modified":"2025-10-25T06:25:25","modified_gmt":"2025-10-24T23:25:25","slug":"about","status":"publish","type":"page","link":"https:\/\/cellbio.site\/vi\/about\/","title":{"rendered":"V\u1ec1"},"content":{"rendered":"<div data-elementor-type=\"wp-page\" data-elementor-id=\"4006\" class=\"elementor elementor-4006\" data-elementor-post-type=\"page\">\n\t\t\t\t\t\t<section class=\"elementor-section elementor-top-section elementor-element elementor-element-e10f7ac elementor-section-boxed elementor-section-height-default elementor-section-height-default\" data-id=\"e10f7ac\" data-element_type=\"section\">\r\n\t\t\r\n\t\t\t\t\t\t\t<div class=\"elementor-container elementor-column-gap-default\">\r\n\t\t\t\t\t\t\t\t\t\t\t<div class=\"elementor-column elementor-col-50 elementor-top-column elementor-element elementor-element-5fa867b\" data-id=\"5fa867b\" data-element_type=\"column\" id=\"about\">\r\n\t\t\t\t\t<div class=\"elementor-widget-wrap elementor-element-populated\">\r\n\t\t\t\t\t\t\t\t<div class=\"elementor-element elementor-element-94c979b elementor-widget elementor-widget-image\" data-id=\"94c979b\" data-element_type=\"widget\" data-widget_type=\"image.default\">\n\t\t\t\t\t\t\t\t\t\t\t\t\t\t\t<img fetchpriority=\"high\" decoding=\"async\" width=\"1500\" height=\"1000\" src=\"https:\/\/cellbio.site\/wp-content\/uploads\/2025\/10\/FAQ3.jpg\" class=\"attachment-full size-full wp-image-4011\" alt=\"\" srcset=\"https:\/\/cellbio.site\/wp-content\/uploads\/2025\/10\/FAQ3.jpg 1500w, https:\/\/cellbio.site\/wp-content\/uploads\/2025\/10\/FAQ3-1024x683.jpg 1024w, https:\/\/cellbio.site\/wp-content\/uploads\/2025\/10\/FAQ3-768x512.jpg 768w, https:\/\/cellbio.site\/wp-content\/uploads\/2025\/10\/FAQ3-500x333.jpg 500w, https:\/\/cellbio.site\/wp-content\/uploads\/2025\/10\/FAQ3-640x427.jpg 640w, https:\/\/cellbio.site\/wp-content\/uploads\/2025\/10\/FAQ3-400x267.jpg 400w, https:\/\/cellbio.site\/wp-content\/uploads\/2025\/10\/FAQ3-367x245.jpg 367w, https:\/\/cellbio.site\/wp-content\/uploads\/2025\/10\/FAQ3-600x400.jpg 600w\" sizes=\"(max-width: 1500px) 100vw, 1500px\" \/>\t\t\t\t\t\t\t\t\t\t\t\t\t\t\t<\/div>\n\t\t\t\t\t<\/div>\r\n\t\t\t\t<\/div>\r\n\t\t\t\t<div class=\"elementor-column elementor-col-50 elementor-top-column elementor-element elementor-element-76ca9b2\" data-id=\"76ca9b2\" data-element_type=\"column\">\r\n\t\t\t\t\t<div class=\"elementor-widget-wrap elementor-element-populated\">\r\n\t\t\t\t\t\t\t\t<div class=\"elementor-element elementor-element-7cfc725 elementor-invisible elementor-widget elementor-widget-heading\" data-id=\"7cfc725\" data-element_type=\"widget\" data-settings=\"{&quot;_animation&quot;:&quot;fadeInUp&quot;,&quot;_animation_delay&quot;:&quot;600&quot;}\" data-widget_type=\"heading.default\">\n\t\t\t\t\t<h2 class=\"elementor-heading-title elementor-size-default\">HCBIOPHARM<\/h2>\t\t\t\t<\/div>\n\t\t\t\t<div class=\"elementor-element elementor-element-9add84c elementor-invisible elementor-widget elementor-widget-text-editor\" data-id=\"9add84c\" data-element_type=\"widget\" data-settings=\"{&quot;_animation&quot;:&quot;fadeInUp&quot;,&quot;_animation_delay&quot;:&quot;600&quot;}\" data-widget_type=\"text-editor.default\">\n\t\t\t\t\t\t\t\t\t<p>\u00a0<\/p><ul><li>Y h\u1ecdc ph\u01b0\u01a1ng \u0110\u00f4ng, v\u1edbi l\u1ecbch s\u1eed h\u01a1n 400 n\u0103m,<br \/>Nh\u00ecn v\u00e0o c\u01a1 th\u1ec3 con ng\u01b0\u1eddi nh\u01b0 m\u1ed9t th\u1ef1c th\u1ec3 th\u1ed1ng nh\u1ea5t,<br \/><strong>T\u00ecm ra nguy\u00ean nh\u00e2n g\u1ed1c r\u1ec5 v\u00e0 t\u00ecm ra gi\u1ea3i ph\u00e1p t\u1ef1 nhi\u00ean<\/strong><br \/><strong>T\u1eadp trung v\u00e0o vi\u1ec7c duy tr\u00ec s\u1ee9c kh\u1ecfe v\u00e0 tu\u1ed5i th\u1ecd<\/strong>B\u1ecf n\u00f3 \u0111i.<\/li><li>HCBIO PHARM d\u1ef1a tr\u00ean nh\u1eefng nguy\u00ean t\u1eafc n\u00e0y<br \/>Ch\u00fang t\u00f4i r\u1ea5t th\u00f4ng c\u1ea3m v\u1edbi b\u1ea1n v\u00e0 t\u1ea5t c\u1ea3 c\u00e1c s\u1ea3n ph\u1ea9m c\u1ee7a ch\u00fang t\u00f4i<br \/>D\u1ef1a tr\u00ean c\u00e1c nguy\u00ean t\u1eafc c\u01a1 b\u1ea3n c\u1ee7a y h\u1ecdc ph\u01b0\u01a1ng \u0110\u00f4ng\u00a0<strong>c\u1ee7a c\u01a1 th\u1ec3<\/strong><br \/><strong>T\u1eadp trung v\u00e0o vi\u1ec7c ph\u1ee5c h\u1ed3i n\u0103ng l\u01b0\u1ee3ng v\u00e0 s\u1ee9c kh\u1ecfe<\/strong>s\u1eed d\u1ee5ng<br \/>\u0110ang \u0111\u01b0\u1ee3c \u0111i\u1ec1u ch\u1ec9nh.<\/li><li>C\u00e1ch ti\u1ebfp c\u1eadn c\u1ee7a ch\u00fang t\u00f4i l\u00e0\u00a0<strong>S\u1ef1 h\u00e0i h\u00f2a gi\u1eefa truy\u1ec1n th\u1ed1ng v\u00e0 khoa h\u1ecdc hi\u1ec7n \u0111\u1ea1i<\/strong><br \/><strong>Cung c\u1ea5p c\u00e1c gi\u1ea3i ph\u00e1p s\u1ee9c kh\u1ecfe t\u1ed1i \u01b0u<\/strong>L\u00c0M.<\/li><\/ul>\t\t\t\t\t\t\t\t<\/div>\n\t\t\t\t<div class=\"elementor-element elementor-element-2feeca8 elementor-invisible elementor-widget elementor-widget-porto_button\" data-id=\"2feeca8\" data-element_type=\"widget\" data-settings=\"{&quot;_animation&quot;:&quot;fadeInUp&quot;,&quot;_animation_delay&quot;:&quot;1000&quot;}\" data-widget_type=\"porto_button.default\">\n\t\t\t\t\t<a aria-label=\"c\u00e1i n\u00fat\" class=\"btn btn-md btn-primary btn-borders btn-full-rounded\" href=\"\"><span >Gi\u1ea3i ph\u00e1p c\u1ee7a ch\u00fang t\u00f4i<\/span><\/a>\t\t\t\t<\/div>\n\t\t\t\t\t<\/div>\r\n\t\t\t\t<\/div>\r\n\t\t\t\t\t<\/div>\r\n\t\t\t\t<\/section>\r\n\t\t\t\t<section class=\"elementor-section elementor-top-section elementor-element elementor-element-2c6f7ee elementor-section-boxed elementor-section-height-default elementor-section-height-default\" data-id=\"2c6f7ee\" data-element_type=\"section\">\r\n\t\t\r\n\t\t\t\t\t\t\t<div class=\"elementor-container elementor-column-gap-default\">\r\n\t\t\t\t\t\t\t\t\t\t\t<div class=\"elementor-column elementor-col-100 elementor-top-column elementor-element elementor-element-9165842 d-none\" data-id=\"9165842\" data-element_type=\"column\">\r\n\t\t\t\t\t<div class=\"elementor-widget-wrap elementor-element-populated\">\r\n\t\t\t\t\t\t\t\t<div class=\"elementor-element elementor-element-ee0432a d-none elementor-invisible elementor-widget elementor-widget-porto_modal\" data-id=\"ee0432a\" data-element_type=\"widget\" data-settings=\"{&quot;_animation&quot;:&quot;fadeIn&quot;,&quot;_animation_delay&quot;:&quot;500&quot;}\" data-widget_type=\"porto_modal.default\">\n\t\t\t\t\t<div class=\"porto-modal-input-wrapper\"><script>\r\n\t( function() {\r\n\t\tvar porto_init_modal = function() {\r\n\t\t\tvar selector = \".video-play\",\r\n\t\t\t\t$selector = jQuery(selector);\r\n\t\t\t$selector.addClass(\"porto-modal-trigger\");\r\n\t\t\t$selector.attr(\"data-trigger-id\", \"\/\/player.vimeo.com\/video\/45830194?autoplay=1\");\r\n\t\t\t$selector.attr(\"data-type\", \"iframe\");\r\n\t\t\t$selector.attr(\"data-overlay-class\", \"mfp-fade\");\r\n\t\t};\r\n\r\n\t\tif ( window.jQuery && jQuery(\".video-play\").length ) {\r\n\t\t\tporto_init_modal();\r\n\t\t} else {\r\n\t\t\tdocument.addEventListener( \"DOMContentLoaded\", porto_init_modal );\r\n\t\t}\r\n\t} )();\r\n\t<\/script><\/div><div id=\"\/\/player.vimeo.com\/video\/45830194?autoplay=1\" class=\"mfp-hide porto-popup-iframe mfp-fade\"><div class=\"porto-modal-content\"><\/div><\/div>\t\t\t\t<\/div>\n\t\t\t\t\t<\/div>\r\n\t\t\t\t<\/div>\r\n\t\t\t\t\t<\/div>\r\n\t\t\t\t<\/section>\r\n\t\t<div class=\"elementor-element elementor-element-dc83559 e-flex e-con-boxed e-con e-parent\" data-id=\"dc83559\" data-element_type=\"container\">\r\n\t\t\t\t\t<div class=\"e-con-inner\">\r\n\t\t<div class=\"elementor-element elementor-element-1baebc6 e-con-full e-flex e-con e-child\" data-id=\"1baebc6\" data-element_type=\"container\">\r\n\t\t\t\t<div class=\"elementor-element elementor-element-3a38eb1 elementor-widget elementor-widget-text-editor\" data-id=\"3a38eb1\" data-element_type=\"widget\" data-widget_type=\"text-editor.default\">\n\t\t\t\t\t\t\t\t\t<h4><strong><span dir=\"auto\" style=\"vertical-align: inherit;\"><span dir=\"auto\" style=\"vertical-align: inherit;\"><span dir=\"auto\" style=\"vertical-align: inherit;\"><span dir=\"auto\" style=\"vertical-align: inherit;\"><span dir=\"auto\" style=\"vertical-align: inherit;\"><span dir=\"auto\" style=\"vertical-align: inherit;\"><span dir=\"auto\" style=\"vertical-align: inherit;\"><span dir=\"auto\" style=\"vertical-align: inherit;\"><br \/>Ph\u00f2ng tr\u01b0ng b\u00e0y<\/span><\/span><\/span><\/span><\/span><\/span><\/span><\/span><\/strong><br \/><strong><span dir=\"auto\" style=\"vertical-align: inherit;\"><span dir=\"auto\" style=\"vertical-align: inherit;\"><span dir=\"auto\" style=\"vertical-align: inherit;\"><span dir=\"auto\" style=\"vertical-align: inherit;\"><span dir=\"auto\" style=\"vertical-align: inherit;\"><span dir=\"auto\" style=\"vertical-align: inherit;\"><span dir=\"auto\" style=\"vertical-align: inherit;\"><span dir=\"auto\" style=\"vertical-align: inherit;\"> HCBIOPHARM \u2013 Qu\u1eadn Cam (OC) <\/span><\/span><\/span><\/span><\/span><\/span><\/span><\/span><\/strong><br \/><strong><span dir=\"auto\" style=\"vertical-align: inherit;\"><span dir=\"auto\" style=\"vertical-align: inherit;\"><span dir=\"auto\" style=\"vertical-align: inherit;\"><span dir=\"auto\" style=\"vertical-align: inherit;\"><span dir=\"auto\" style=\"vertical-align: inherit;\"><span dir=\"auto\" style=\"vertical-align: inherit;\"><span dir=\"auto\" style=\"vertical-align: inherit;\"><span dir=\"auto\" style=\"vertical-align: inherit;\">9876 \u0110\u1ea1i l\u1ed9 Garden Grove, STE 101 <\/span><\/span><\/span><\/span><\/span><\/span><\/span><\/span><\/strong><br \/><strong><span dir=\"auto\" style=\"vertical-align: inherit;\"><span dir=\"auto\" style=\"vertical-align: inherit;\"><span dir=\"auto\" style=\"vertical-align: inherit;\"><span dir=\"auto\" style=\"vertical-align: inherit;\"><span dir=\"auto\" style=\"vertical-align: inherit;\"><span dir=\"auto\" style=\"vertical-align: inherit;\"><span dir=\"auto\" style=\"vertical-align: inherit;\"><span dir=\"auto\" style=\"vertical-align: inherit;\">Garden Grove, CA 92844<\/span><\/span><\/span><\/span><\/span><\/span><\/span><\/span><\/strong><\/h4><h4><strong><span dir=\"auto\" style=\"vertical-align: inherit;\"><span dir=\"auto\" style=\"vertical-align: inherit;\"><span dir=\"auto\" style=\"vertical-align: inherit;\"><span dir=\"auto\" style=\"vertical-align: inherit;\"><span dir=\"auto\" style=\"vertical-align: inherit;\"><span dir=\"auto\" style=\"vertical-align: inherit;\">v\u0103n ph\u00f2ng<\/span><\/span><\/span><\/span><\/span><\/span><\/strong><br \/><strong><span dir=\"auto\" style=\"vertical-align: inherit;\"><span dir=\"auto\" style=\"vertical-align: inherit;\"><span dir=\"auto\" style=\"vertical-align: inherit;\"><span dir=\"auto\" style=\"vertical-align: inherit;\"><span dir=\"auto\" style=\"vertical-align: inherit;\"><span dir=\"auto\" style=\"vertical-align: inherit;\"> HCBIOPHARM \u2013 Thung l\u0169ng Silicon <\/span><\/span><\/span><\/span><\/span><\/span><\/strong><br \/><strong><span dir=\"auto\" style=\"vertical-align: inherit;\"><span dir=\"auto\" style=\"vertical-align: inherit;\"><span dir=\"auto\" style=\"vertical-align: inherit;\"><span dir=\"auto\" style=\"vertical-align: inherit;\"><span dir=\"auto\" style=\"vertical-align: inherit;\"><span dir=\"auto\" style=\"vertical-align: inherit;\">10080 \u0110\u01b0\u1eddng N. Wolfe. STE SW3-200 <\/span><\/span><\/span><\/span><\/span><\/span><\/strong><br \/><strong><span dir=\"auto\" style=\"vertical-align: inherit;\"><span dir=\"auto\" style=\"vertical-align: inherit;\"><span dir=\"auto\" style=\"vertical-align: inherit;\"><span dir=\"auto\" style=\"vertical-align: inherit;\"><span dir=\"auto\" style=\"vertical-align: inherit;\"><span dir=\"auto\" style=\"vertical-align: inherit;\">Cupertino, CA 95014<\/span><\/span><\/span><\/span><\/span><\/span><\/strong><\/h4><h4><strong>Chi nh\u00e1nh Vi\u1ec7t Nam<\/strong><br \/><strong>Bi\u1ec7t th\u1ef1 Splendora, B\u1eafc An Kh\u00e1nh,<br \/><\/strong><strong>Huy\u1ec7n Ho\u00e0i \u0110\u1ee9c, H\u00e0 N\u1ed9i.<\/strong><\/h4>\t\t\t\t\t\t\t\t<\/div>\n\t\t\t\t<\/div>\n\t\t<div class=\"elementor-element elementor-element-ca54f21 e-con-full e-flex e-con e-child\" data-id=\"ca54f21\" data-element_type=\"container\">\r\n\t\t\t\t<div class=\"elementor-element elementor-element-e77823f elementor-widget elementor-widget-video\" data-id=\"e77823f\" data-element_type=\"widget\" data-settings=\"{&quot;youtube_url&quot;:&quot;https:\\\/\\\/www.youtube.com\\\/watch?v=QVJO_bIzYiM&amp;t=3s&quot;,&quot;show_image_overlay&quot;:&quot;yes&quot;,&quot;image_overlay&quot;:{&quot;url&quot;:&quot;https:\\\/\\\/cellbio.site\\\/wp-content\\\/uploads\\\/2025\\\/10\\\/bb.jpg&quot;,&quot;id&quot;:4019,&quot;size&quot;:&quot;&quot;,&quot;alt&quot;:&quot;&quot;,&quot;source&quot;:&quot;library&quot;},&quot;video_type&quot;:&quot;youtube&quot;,&quot;controls&quot;:&quot;yes&quot;}\" data-widget_type=\"video.default\">\n\t\t\t\t\t\t\t<div class=\"elementor-wrapper elementor-open-inline\">\n\t\t\t<div class=\"elementor-video\"><\/div>\t\t\t\t<div class=\"elementor-custom-embed-image-overlay\" style=\"background-image: url(https:\/\/cellbio.site\/wp-content\/uploads\/2025\/10\/bb.jpg);\">\n\t\t\t\t\t\t\t\t\t\t\t\t\t\t\t\t<div class=\"elementor-custom-embed-play\" role=\"button\" aria-label=\"Putar Video\" tabindex=\"0\">\n\t\t\t\t\t\t\t<svg aria-hidden=\"true\" class=\"e-font-icon-svg e-eicon-play\" viewbox=\"0 0 1000 1000\" xmlns=\"http:\/\/www.w3.org\/2000\/svg\"><path d=\"M838 162C746 71 633 25 500 25 371 25 258 71 163 162 71 254 25 367 25 500 25 633 71 746 163 837 254 929 367 979 500 979 633 979 746 933 838 837 929 746 975 633 975 500 975 367 929 254 838 162M808 192C892 279 933 379 933 500 933 621 892 725 808 808 725 892 621 938 500 938 379 938 279 896 196 808 113 725 67 621 67 500 67 379 108 279 196 192 279 108 383 62 500 62 621 62 721 108 808 192M438 392V642L642 517 438 392Z\"><\/path><\/svg>\t\t\t\t\t\t<\/div>\n\t\t\t\t\t\t\t\t\t<\/div>\n\t\t\t\t\t<\/div>\n\t\t\t\t\t\t<\/div>\n\t\t\t\t<\/div>\n\t\t\t\t\t<\/div>\n\t\t\t\t<\/div>\n\t\t\t\t<\/div>","protected":false},"excerpt":{"rendered":"<p>HCBIOPHARM \u00a0 400\ub144 \uc774\uc0c1\uc758 \uc5ed\uc0ac\ub97c \uac00\uc9c4 \ub3d9\uc591\uc758\ud559\uc740\uc778\uccb4\ub97c \ud558\ub098\uc758 \ud1b5\ud569\ub41c \uc874\uc7ac\ub85c \ubc14\ub77c\ubcf4\uba70,\uadfc\ubcf8 \uc6d0\uc778\uc744 \ucc3e\uc544 \uc790\uc5f0\uc801 \ud574\ubc95\uc744 \ud1b5\ud574\uac74\uac15\uacfc \uc7a5\uc218\ub97c \uc720\uc9c0\ud558\ub294 \ub370 \uc911\uc810\uc744 \ub461\ub2c8\ub2e4. HCBIO PHARM\uc740 \uc774\ub7ec\ud55c \uc6d0\uce59\uc5d0\uae4a\uc774 \uacf5\uac10\ud558\uba70, \uc6b0\ub9ac\uc758 \ubaa8\ub4e0 \uc81c\ud488\uc740\ub3d9\uc591\uc758\ud559\uc758 \uae30\ubcf8 \uc6d0\uce59\uc5d0 \uadfc\uac70\ud558\uc5ec\u00a0\uc2e0\uccb4\uc758\uc5d0\ub108\uc9c0\uc640 \uac74\uac15\uc744 \ud68c\ubcf5\ud558\ub294 \ub370 \ucd08\uc810\uc744\ub9de\ucd94\uace0 \uc788\uc2b5\ub2c8\ub2e4. \uc6b0\ub9ac\uc758 \uc811\uadfc\ubc95\uc740\u00a0\uc804\ud1b5\uacfc \ud604\ub300 \uacfc\ud559\uc758 \uc870\ud654\ub97c\uc774\ub8e8\uc5b4, \ucd5c\uc801\uc758 \uac74\uac15 \uc194\ub8e8\uc158\uc744 \uc81c\uacf5\ud569\ub2c8\ub2e4. Our Solutions \uc1fc\ub8f8 HCBIOPHARM \u2013 \uc624\ub80c\uc9c0 \uce74\uc6b4\ud2f0(OC) 9876 Garden [&hellip;]<\/p>","protected":false},"author":1,"featured_media":0,"parent":0,"menu_order":0,"comment_status":"closed","ping_status":"closed","template":"","meta":{"_acf_changed":false,"footnotes":""},"wf_page_folders":[],"class_list":["post-4006","page","type-page","status-publish","format-standard","hentry"],"acf":[],"_hostinger_reach_plugin_has_subscription_block":false,"_hostinger_reach_plugin_is_elementor":false,"_links":{"self":[{"href":"https:\/\/cellbio.site\/vi\/wp-json\/wp\/v2\/pages\/4006","targetHints":{"allow":["GET"]}}],"collection":[{"href":"https:\/\/cellbio.site\/vi\/wp-json\/wp\/v2\/pages"}],"about":[{"href":"https:\/\/cellbio.site\/vi\/wp-json\/wp\/v2\/types\/page"}],"author":[{"embeddable":true,"href":"https:\/\/cellbio.site\/vi\/wp-json\/wp\/v2\/users\/1"}],"replies":[{"embeddable":true,"href":"https:\/\/cellbio.site\/vi\/wp-json\/wp\/v2\/comments?post=4006"}],"version-history":[{"count":0,"href":"https:\/\/cellbio.site\/vi\/wp-json\/wp\/v2\/pages\/4006\/revisions"}],"wp:attachment":[{"href":"https:\/\/cellbio.site\/vi\/wp-json\/wp\/v2\/media?parent=4006"}],"wp:term":[{"taxonomy":"wf_page_folders","embeddable":true,"href":"https:\/\/cellbio.site\/vi\/wp-json\/wp\/v2\/wf_page_folders?post=4006"}],"curies":[{"name":"wp","href":"https:\/\/api.w.org\/{rel}","templated":true}]}}