{"id":2399,"date":"2025-10-01T02:38:42","date_gmt":"2025-09-30T19:38:42","guid":{"rendered":"https:\/\/cellbio.site\/?post_type=product&#038;p=2399"},"modified":"2025-10-29T00:25:00","modified_gmt":"2025-10-28T17:25:00","slug":"detox","status":"publish","type":"product","link":"https:\/\/cellbio.site\/vi\/san-pham\/detox\/","title":{"rendered":"Gi\u1ea3i \u0111\u1ed9c t\u1ebf b\u00e0o"},"content":{"rendered":"<div class=\"product-container\">\n<h3>\ud83c\udf31 CELL DETOX<\/h3>\n<ul>\n<li><span class=\"highlight-underline\">Ch\u1ea5t gi\u1ea3i \u0111\u1ed9c t\u1ef1 nhi\u00ean cao c\u1ea5p cho kim lo\u1ea1i n\u1eb7ng, thu\u1ed1c v\u00e0 \u0111\u1ed9c t\u1ed1 m\u00f4i tr\u01b0\u1eddng<\/span><\/li>\n<li>X\u00e2y d\u1ef1ng m\u1ed9t c\u01a1 th\u1ec3 kh\u1ecfe m\u1ea1nh, kh\u00f4ng \u0111\u1ed9c t\u1ed1 t\u1eeb gan \u0111\u1ebfn t\u1ebf b\u00e0o<\/li>\n<\/ul>\n<h3>\u2705 \u0110\u01b0\u1ee3c khuy\u1ebfn ngh\u1ecb cho nh\u1eefng ng\u01b0\u1eddi n\u00e0y<\/h3>\n<ul>\n<li>Nh\u1eefng ng\u01b0\u1eddi c\u1ea7n gi\u1ea3i \u0111\u1ed9c gan, gi\u1ea3m n\u00f4n nao v\u00e0 lo\u1ea1i b\u1ecf c\u1eb7n nicotine\/r\u01b0\u1ee3u\/ma t\u00fay<\/li>\n<li>Nh\u1eefng ng\u01b0\u1eddi m\u1eafc c\u00e1c b\u1ec7nh v\u1ec1 da nh\u01b0 d\u1ecb \u1ee9ng, v\u1ea9y n\u1ebfn v\u00e0 ch\u00e0m<\/li>\n<li>Nh\u1eefng ng\u01b0\u1eddi lo ng\u1ea1i v\u1ec1 s\u1ef1 t\u00edch t\u1ee5 c\u1ee7a kim lo\u1ea1i n\u1eb7ng, dioxin, hormone m\u00f4i tr\u01b0\u1eddng, b\u1ee5i m\u1ecbn v\u00e0 \u0111\u1ed9c t\u1ed1 nh\u1ef1a<\/li>\n<li>Ng\u01b0\u1eddi hi\u1ec7n \u0111\u1ea1i n\u00f3i chung c\u1ea7n ch\u1ea5t ch\u1ed1ng oxy h\u00f3a v\u00e0 t\u0103ng c\u01b0\u1eddng h\u1ec7 th\u1ed1ng mi\u1ec5n d\u1ecbch<\/li>\n<\/ul>\n<h3>\ud83c\udf3f Gi\u1edbi thi\u1ec7u s\u1ea3n ph\u1ea9m<\/h3>\n<ul>\n<li><strong>CELL DETOX<\/strong>:<\/li>\n<li>C\u00e1c ch\u1ea5t c\u00f3 h\u1ea1i Nicotin, r\u01b0\u1ee3u, kim lo\u1ea1i n\u1eb7ng, thu\u1ed1c, hormone m\u00f4i tr\u01b0\u1eddng, b\u1ee5i m\u1ecbn, carbon monoxide, v.v.<\/li>\n<li>C\u00f4ng d\u1ee5ng T\u00e1ch v\u00e0 lo\u1ea1i b\u1ecf c\u00e1c ch\u1ea5t c\u00f3 h\u1ea1i ra kh\u1ecfi c\u01a1 th\u1ec3 b\u1eb1ng c\u00e1c th\u00e0nh ph\u1ea7n th\u1ea3o d\u01b0\u1ee3c t\u1ef1 nhi\u00ean<\/li>\n<li><span class=\"highlight-underline\">Thu\u1ed1c gi\u1ea3i \u0111\u1ed9c to\u00e0n th\u00e2n<\/span>cho th\u1ea5y \u0111\u01b0\u1ee3c hi\u1ec7u qu\u1ea3 r\u00f5 r\u1ec7t.<\/li>\n<li><span class=\"highlight-underline\">\u0110\u0103ng k\u00fd OTC c\u1ee7a FDA Hoa K\u1ef3 (80353-132-01)<\/span><\/li>\n<li><span class=\"highlight-underline\">Tu\u00e2n th\u1ee7 Ch\u00ednh s\u00e1ch 5 Kh\u00f4ng<\/span>: Kh\u00f4ng c\u00f3 ch\u1ea5t t\u1ea1o m\u00e0u, ch\u1ea5t t\u1ea1o ng\u1ecdt, ch\u1ea5t b\u1ea3o qu\u1ea3n, h\u01b0\u01a1ng li\u1ec7u ho\u1eb7c ch\u1ea5t ph\u1ee5 gia h\u00f3a h\u1ecdc<\/li>\n<li>C\u1ea3i thi\u1ec7n ch\u1ee9c n\u0103ng gan, cung c\u1ea5p l\u1ee3i \u00edch ch\u1ed1ng oxy h\u00f3a v\u00e0 l\u00e0m gi\u1ea3m c\u00e1c v\u1ea5n \u0111\u1ec1 v\u1ec1 da. <span class=\"highlight-underline\">Hi\u1ec7u qu\u1ea3 to\u00e0n di\u1ec7n.<\/span><\/li>\n<\/ul>\n<h3>\ud83d\udc8a C\u00e1ch d\u00f9ng v\u00e0 li\u1ec1u d\u00f9ng<\/h3>\n<ul>\n<li>Li\u1ec1u d\u00f9ng c\u01a1 b\u1ea3n: U\u1ed1ng 2 vi\u00ean nang, ng\u00e0y 2 l\u1ea7n<\/li>\n<li>Gi\u1ea3i \u0111\u1ed9c n\u1eb7ng\/vi\u00eam da d\u1ecb \u1ee9ng n\u1eb7ng: 6 vi\u00ean nang m\u1ed7i ng\u00e0y (2 vi\u00ean nang x 3 l\u1ea7n)<\/li>\n<li>1 l\u1ecd = 60 vi\u00ean nang<\/li>\n<\/ul>\n<h3>\ud83d\udcaa C\u00f4ng d\u1ee5ng ch\u00ednh<\/h3>\n<table class=\"custom-table\">\n<thead>\n<tr>\n<th>\ud83d\udca1 Ho\u1ea1t \u0111\u1ed9ng<\/th>\n<th>Hi\u1ec7u qu\u1ea3<\/th>\n<\/tr>\n<\/thead>\n<tbody>\n<tr>\n<td><span class=\"highlight-underline\">Gi\u1ea3i \u0111\u1ed9c v\u00e0 t\u00e1i t\u1ea1o gan<\/span><\/td>\n<td>B\u1ea3o v\u1ec7 t\u1ebf b\u00e0o gan + th\u00fac \u0111\u1ea9y b\u00e0i ti\u1ebft \u0111\u1ed9c t\u1ed1<\/td>\n<\/tr>\n<tr>\n<td><span class=\"highlight-underline\">C\u1ea3i thi\u1ec7n s\u1ee9c kh\u1ecfe l\u00e0n da<\/span><\/td>\n<td>Gi\u1ea3m ng\u1ee9a v\u00e0 vi\u00eam, duy tr\u00ec l\u00e0n da kh\u1ecfe m\u1ea1nh<\/td>\n<\/tr>\n<tr>\n<td><span class=\"highlight-underline\">T\u0103ng c\u01b0\u1eddng ch\u1ee9c n\u0103ng th\u1eadn v\u00e0 gan<\/span><\/td>\n<td>C\u1ea3i thi\u1ec7n t\u00ecnh tr\u1ea1ng s\u01b0ng t\u1ea5y v\u00e0 m\u1ec7t m\u1ecfi, th\u00fac \u0111\u1ea9y qu\u00e1 tr\u00ecnh chuy\u1ec3n h\u00f3a n\u0103ng l\u01b0\u1ee3ng<\/td>\n<\/tr>\n<tr>\n<td><span class=\"highlight-underline\">Lo\u1ea1i b\u1ecf oxy ho\u1ea1t \u0111\u1ed9ng<\/span><\/td>\n<td>Ng\u0103n ng\u1eeba t\u1ed5n th\u01b0\u01a1ng t\u1ebf b\u00e0o th\u00f4ng qua t\u00e1c d\u1ee5ng ch\u1ed1ng oxy h\u00f3a<\/td>\n<\/tr>\n<tr>\n<td><span class=\"highlight-underline\">Gi\u1ea3i \u0111\u1ed9c c\u00e1c ch\u1ea5t g\u00e2y nghi\u1ec7n<\/span><\/td>\n<td>Nicotine, ma t\u00fay, r\u01b0\u1ee3u v\u00e0 kh\u00ed th\u1ea3i t\u1eeb thu\u1ed1c di\u1ec7t c\u1ecf<\/td>\n<\/tr>\n<tr>\n<td><span class=\"highlight-underline\">Lo\u1ea1i b\u1ecf kim lo\u1ea1i n\u1eb7ng v\u00e0 \u0111\u1ed9c t\u1ed1 m\u00f4i tr\u01b0\u1eddng<\/span><\/td>\n<td>T\u00e1ch v\u00e0 th\u1ea3i ch\u00ec, th\u1ee7y ng\u00e2n, b\u1ee5i m\u1ecbn v\u00e0 \u0111\u1ed9c t\u1ed1 nh\u1ef1a<\/td>\n<\/tr>\n<\/tbody>\n<\/table>\n<h3>\ud83e\uddec C\u01a1 ch\u1ebf ho\u1ea1t \u0111\u1ed9ng<\/h3>\n<ul>\n<li><strong>B\u1ea3o v\u1ec7 v\u00e0 t\u00e1i t\u1ea1o t\u1ebf b\u00e0o gan:<\/strong> Ph\u1ee5c h\u1ed3i gan b\u1eb1ng ch\u1ea5t ch\u1ed1ng oxy h\u00f3a t\u1ef1 nhi\u00ean<\/li>\n<li><strong>Lo\u1ea1i b\u1ecf t\u00ecnh tr\u1ea1ng vi\u00eam nhi\u1ec5m v\u00e0 c\u00e1c g\u1ed1c t\u1ef1 do:<\/strong> \u1ed4n \u0111\u1ecbnh mi\u1ec5n d\u1ecbch, b\u1ea3o v\u1ec7 t\u1ebf b\u00e0o<\/li>\n<li><strong>Kh\u00f4ng ch\u1ee9a steroid:<\/strong> L\u00e0m d\u1ecbu da m\u00e0 kh\u00f4ng lo t\u00e1c d\u1ee5ng ph\u1ee5<\/li>\n<li><strong>Ng\u0103n ch\u1eb7n v\u00e0 \u0111\u00e0o th\u1ea3i \u0111\u1ed9c t\u1ed1:<\/strong> Lo\u1ea1i b\u1ecf \u0111\u1ed9c t\u1ed1 t\u00edch t\u1ee5 trong c\u01a1 th\u1ec3 m\u1ed9t c\u00e1ch t\u1ef1 nhi\u00ean<\/li>\n<\/ul>\n<h3>\ud83c\udfc6 \u0110i\u1ec3m kh\u00e1c bi\u1ec7t c\u1ee7a Cell Detox<\/h3>\n<ul>\n<li>\u0110\u0103ng k\u00fd OTC c\u1ee7a FDA (80353-132-01)<\/li>\n<li>\u2022 Tu\u00e2n th\u1ee7 nguy\u00ean t\u1eafc 5 kh\u00f4ng, c\u00f3 th\u1ec3 d\u00f9ng cho tr\u1ebb s\u01a1 sinh\/tr\u1ebb nh\u1ecf<\/li>\n<li>C\u00e1c th\u1eed nghi\u1ec7m l\u00e2m s\u00e0ng v\u1ec1 gi\u1ea3i \u0111\u1ed9c thu\u1ed1c, dioxin v\u00e0 \u0111\u1ed9c t\u1ed1 thu\u1ed1c l\u00e1 \u0111\u00e3 ho\u00e0n th\u00e0nh<\/li>\n<li>Ch\u0103m s\u00f3c to\u00e0n th\u00e2n bao g\u1ed3m ch\u1ed1ng oxy h\u00f3a, gi\u1ea3i \u0111\u1ed9c, c\u1ea3i thi\u1ec7n l\u00e0n da v\u00e0 h\u1ec7 mi\u1ec5n d\u1ecbch.<\/li>\n<li>Gi\u1ea3i ph\u00e1p to\u00e0n di\u1ec7n cho b\u1ec7nh vi\u00eam da d\u1ecb \u1ee9ng, b\u1ec7nh v\u1ea9y n\u1ebfn, suy gan v\u00e0 ng\u1ed9 \u0111\u1ed9c m\u00f4i tr\u01b0\u1eddng.<\/li>\n<\/ul>\n<h3>\u26a0\ufe0f Nh\u1eefng \u0111i\u1ec1u c\u1ea7n ki\u1ec3m tra tr\u01b0\u1edbc khi s\u1eed d\u1ee5ng<\/h3>\n<ul>\n<li><strong>N\u00ean tham kh\u1ea3o \u00fd ki\u1ebfn chuy\u00ean gia:<\/strong> B\u1ec7nh nh\u00e2n m\u1eafc b\u1ec7nh gan, b\u1ec7nh ngo\u00e0i da nghi\u00eam tr\u1ecdng, d\u1ecb \u1ee9ng, v.v.<\/li>\n<li><span style=\"color: #ff6600;\"><strong>Nh\u1eefng ng\u01b0\u1eddi \u0111ang d\u00f9ng thu\u1ed1c T\u00e2y\/c\u00f3 k\u1ebf ho\u1ea1ch g\u00e2y m\u00ea:<\/strong> Cell Detox c\u00f3 ch\u1ee9c n\u0103ng gi\u1ea3i \u0111\u1ed9c m\u1ea1nh m\u1ebd.<\/span><br \/>\n<span style=\"color: #ff6600;\">D\u00f9ng <span class=\"highlight-underline\">c\u00e1ch xa thu\u1ed1c T\u00e2y \u00edt nh\u1ea5t 6 gi\u1edd<\/span> - \u0110i\u1ec1u n\u00e0y quan tr\u1ecdng<\/span><br \/>\n<span style=\"color: #ff6600;\">N\u00ean ng\u1eebng d\u00f9ng thu\u1ed1c n\u00e0y 2 ng\u00e0y tr\u01b0\u1edbc khi ph\u1eabu thu\u1eadt.<\/span><\/li>\n<li><strong>D\u1eef li\u1ec7u l\u00e2m s\u00e0ng \u0111\u01b0\u1ee3c cung c\u1ea5p b\u1edfi:<\/strong> B\u1ea1n c\u00f3 th\u1ec3 y\u00eau c\u1ea7u t\u00e0i li\u1ec7u ch\u00ednh th\u1ee9c th\u00f4ng qua trung t\u00e2m d\u1ecbch v\u1ee5 kh\u00e1ch h\u00e0ng c\u1ee7a ch\u00fang t\u00f4i.<\/li>\n<\/ul>\n<\/div>","protected":false},"excerpt":{"rendered":"<div class=\"product-container\">\n<h3>\ud83d\udccc T\u00f3m t\u1eaft s\u1ea3n ph\u1ea9m<\/h3>\n<ul>\n<li>\n      <span class=\"highlight-underline\">Gi\u1ea3i \u0111\u1ed9c to\u00e0n th\u00e2n t\u1ef1 nhi\u00ean<\/span><br \/>\n      \u2013 \u0110\u00e0o th\u1ea3i \u0111\u1ed9c t\u1ed1 nh\u01b0 kim lo\u1ea1i n\u1eb7ng, hormone m\u00f4i tr\u01b0\u1eddng, nicotine v\u00e0 ma t\u00fay m\u1ed9t c\u00e1ch an to\u00e0n.\n    <\/li>\n<li>\n      <span class=\"highlight-underline\">Qu\u00e1 tr\u00ecnh gi\u1ea3i \u0111\u1ed9c nhi\u1ec1u giai \u0111o\u1ea1n t\u1eeb gan \u0111\u1ebfn c\u00e1c t\u1ebf b\u00e0o<\/span><br \/>\n      \u2013 T\u00e1c d\u1ee5ng t\u1ed5ng h\u1ee3p bao g\u1ed3m b\u1ea3o v\u1ec7 gan, lo\u1ea1i b\u1ecf oxy ho\u1ea1t t\u00ednh v\u00e0 c\u1ea3i thi\u1ec7n t\u00ecnh tr\u1ea1ng vi\u00eam da\n    <\/li>\n<li>\n      <span class=\"highlight-underline\">\u0110\u0103ng k\u00fd OTC c\u1ee7a FDA Hoa K\u1ef3 (80353-132-01) <\/span><br \/>\n      - C\u00e1c th\u1eed nghi\u1ec7m l\u00e2m s\u00e0ng \u0111\u00e3 \u0111\u01b0\u1ee3c ho\u00e0n t\u1ea5t \u0111\u1ec3 gi\u1ea3i \u0111\u1ed9c nicotine, dioxin v\u00e0 stress oxy h\u00f3a, v\u00e0 c\u0169ng c\u00f3 th\u1ec3 s\u1eed d\u1ee5ng cho tr\u1ebb s\u01a1 sinh.\n    <\/li>\n<li>\n      <span class=\"highlight-underline\">U\u1ed1ng 2 \u0111\u1ebfn 6 vi\u00ean nang m\u1ed7i ng\u00e0y<\/span><br \/>\n      - C\u00f3 th\u1ec3 \u0111i\u1ec1u tr\u1ecb nh\u1eb9 ho\u1eb7c m\u1ea1nh b\u1eb1ng c\u00e1ch \u0111i\u1ec1u ch\u1ec9nh li\u1ec1u l\u01b0\u1ee3ng theo tri\u1ec7u ch\u1ee9ng\n    <\/li>\n<li>\n      <span class=\"highlight-underline\">S\u1ef1 k\u1ebft h\u1ee3p c\u1ee7a 09 lo\u1ea1i thu\u1ed1c th\u1ea3o d\u01b0\u1ee3c c\u00f3 th\u00e0nh ph\u1ea7n t\u1ef1 nhi\u00ean<\/span><br \/>\n      \u2013 H\u1ed7n h\u1ee3p th\u1ea3o d\u01b0\u1ee3c gi\u1ea3i \u0111\u1ed9c c\u00f4 \u0111\u1eb7c bao g\u1ed3m b\u1ed3 c\u00f4ng anh, nh\u00e2n s\u00e2m v\u00e0 m\u00e3 \u0111\u1ec1...\n    <\/li>\n<\/ul>\n<\/div>","protected":false},"featured_media":2493,"template":"","format":"standard","meta":{"_acf_changed":false},"product_brand":[],"product_cat":[105,72,109],"product_tag":[],"class_list":{"0":"post-2399","1":"product","2":"type-product","3":"status-publish","4":"format-standard","5":"has-post-thumbnail","7":"product_cat-105","8":"product_cat-detox","9":"product_cat-109","11":"first","12":"instock","13":"featured","14":"shipping-taxable","15":"purchasable","16":"product-type-simple"},"acf":[],"_links":{"self":[{"href":"https:\/\/cellbio.site\/vi\/wp-json\/wp\/v2\/product\/2399","targetHints":{"allow":["GET"]}}],"collection":[{"href":"https:\/\/cellbio.site\/vi\/wp-json\/wp\/v2\/product"}],"about":[{"href":"https:\/\/cellbio.site\/vi\/wp-json\/wp\/v2\/types\/product"}],"wp:featuredmedia":[{"embeddable":true,"href":"https:\/\/cellbio.site\/vi\/wp-json\/wp\/v2\/media\/2493"}],"wp:attachment":[{"href":"https:\/\/cellbio.site\/vi\/wp-json\/wp\/v2\/media?parent=2399"}],"wp:term":[{"taxonomy":"product_brand","embeddable":true,"href":"https:\/\/cellbio.site\/vi\/wp-json\/wp\/v2\/product_brand?post=2399"},{"taxonomy":"product_cat","embeddable":true,"href":"https:\/\/cellbio.site\/vi\/wp-json\/wp\/v2\/product_cat?post=2399"},{"taxonomy":"product_tag","embeddable":true,"href":"https:\/\/cellbio.site\/vi\/wp-json\/wp\/v2\/product_tag?post=2399"}],"curies":[{"name":"wp","href":"https:\/\/api.w.org\/{rel}","templated":true}]}}