{"id":4027,"date":"2025-10-28T15:36:43","date_gmt":"2025-10-28T08:36:43","guid":{"rendered":"https:\/\/cellbio.site\/?post_type=product&#038;p=4027"},"modified":"2025-12-24T09:16:30","modified_gmt":"2025-12-24T02:16:30","slug":"pro","status":"publish","type":"product","link":"https:\/\/cellbio.site\/vi\/san-pham\/pro\/","title":{"rendered":"tuy\u1ebfn ti\u1ec1n li\u1ec7t"},"content":{"rendered":"<div class=\"product-container\">\n<h3>\ud83d\udca1 Gi\u1edbi thi\u1ec7u s\u1ea3n ph\u1ea9m<\/h3>\n<ul>\n<li><strong>PROSTAZEN<\/strong>: <span class=\"highlight-underline\">Ch\u0103m s\u00f3c s\u1ee9c kh\u1ecfe c\u01a1 b\u1ea3n c\u1ee7a nam gi\u1edbi t\u1eeb th\u1eadn \u0111\u1ebfn tuy\u1ebfn ti\u1ec1n li\u1ec7t<\/span><\/li>\n<li><strong>C\u1ea3i thi\u1ec7n t\u00ecnh tr\u1ea1ng ph\u00ec \u0111\u1ea1i tuy\u1ebfn ti\u1ec1n li\u1ec7t, c\u00e1c v\u1ea5n \u0111\u1ec1 v\u1ec1 ti\u1ebft ni\u1ec7u v\u00e0 r\u1ed1i lo\u1ea1n ch\u1ee9c n\u0103ng t\u00ecnh d\u1ee5c<\/strong>cho th\u1ea5y \u0111\u01b0\u1ee3c hi\u1ec7u qu\u1ea3 r\u00f5 r\u1ec7t.<\/li>\n<li><span class=\"highlight-underline\">\u0110\u0103ng k\u00fd OTC c\u1ee7a FDA (80353-702-01)<\/span>C\u00f4ng th\u1ee9c th\u00e0nh ph\u1ea7n t\u1ef1 nhi\u00ean c\u1ee7a ch\u00fang t\u00f4i \u0111\u1ea3m b\u1ea3o t\u00ednh an to\u00e0n v\u00e0 hi\u1ec7u qu\u1ea3.<\/li>\n<\/ul>\n<h3>\u2705 \u0110\u01b0\u1ee3c khuy\u1ebfn ngh\u1ecb cho nh\u1eefng ng\u01b0\u1eddi n\u00e0y<\/h3>\n<ul>\n<li>Nh\u1eefng ng\u01b0\u1eddi th\u01b0\u1eddng xuy\u00ean b\u1ecb ti\u1ec3u \u0111\u00eam nhi\u1ec1u l\u1ea7n, c\u1ea3m gi\u00e1c n\u01b0\u1edbc ti\u1ec3u c\u00f2n s\u00f3t l\u1ea1i ho\u1eb7c kh\u00f3 ch\u1ecbu khi \u0111i ti\u1ec3u<\/li>\n<li>Nam gi\u1edbi trung ni\u00ean \u0111\u01b0\u1ee3c ch\u1ea9n \u0111o\u00e1n ho\u1eb7c nghi ng\u1edd m\u1eafc b\u1ec7nh ph\u00ec \u0111\u1ea1i tuy\u1ebfn ti\u1ec1n li\u1ec7t<\/li>\n<li>Nh\u1eefng ng\u01b0\u1eddi mu\u1ed1n c\u1ea3i thi\u1ec7n t\u00ecnh tr\u1ea1ng r\u1ed1i lo\u1ea1n ch\u1ee9c n\u0103ng t\u00ecnh d\u1ee5c ho\u1eb7c m\u1ea5t c\u00e2n b\u1eb1ng n\u1ed9i ti\u1ebft t\u1ed1<\/li>\n<li>Nh\u1eefng ng\u01b0\u1eddi mu\u1ed1n ph\u1ee5c h\u1ed3i s\u1ee9c kh\u1ecfe tuy\u1ebfn ti\u1ec1n li\u1ec7t t\u1eeb g\u1ed1c<\/li>\n<\/ul>\n<h3>\ud83c\udf3f Gi\u1edbi thi\u1ec7u s\u1ea3n ph\u1ea9m<\/h3>\n<ul>\n<li><strong>PROSTAZEN<\/strong>: <span class=\"highlight-underline\">T\u0103ng s\u1ea3n l\u00e0nh t\u00ednh tuy\u1ebfn ti\u1ec1n li\u1ec7t, c\u00e1c v\u1ea5n \u0111\u1ec1 v\u1ec1 ti\u1ebft ni\u1ec7u, gi\u1ea3m ch\u1ee9c n\u0103ng t\u00ecnh d\u1ee5c v\u00e0 gi\u1ea3m ch\u1ee9c n\u0103ng th\u1eadn<\/span>d\u00e0n di\u1ec5n vi\u00ean<\/li>\n<li><strong>Ch\u0103m s\u00f3c to\u00e0n di\u1ec7n d\u1ef1a tr\u00ean c\u00e1c th\u00e0nh ph\u1ea7n t\u1ef1 nhi\u00ean<\/strong>\u0110\u00e2y l\u00e0 s\u1ea3n ph\u1ea9m b\u1ed5 sung chuy\u00ean bi\u1ec7t d\u00e0nh cho s\u1ee9c kh\u1ecfe nam gi\u1edbi.<\/li>\n<li><span class=\"highlight-underline\">Ph\u1ee5c h\u1ed3i ch\u1ee9c n\u0103ng th\u1eadn \u2192 Ph\u1ee5c h\u1ed3i c\u00e2n b\u1eb1ng n\u1ed9i ti\u1ebft t\u1ed1 \u2192 Gi\u1ea3m vi\u00eam tuy\u1ebfn ti\u1ec1n li\u1ec7t<\/span>B\u1edfi v\u00ec<\/li>\n<li>Ch\u00fang t\u00f4i \u0111\u1ea1t \u0111\u01b0\u1ee3c m\u1ee5c ti\u00eau ng\u0103n ng\u1eeba t\u00e1i ph\u00e1t v\u00e0 c\u1ea3i thi\u1ec7n c\u01a1 b\u1ea3n.<\/li>\n<\/ul>\n<h3>\ud83d\udc8a C\u00e1ch d\u00f9ng v\u00e0 li\u1ec1u d\u00f9ng<\/h3>\n<ul>\n<li><strong>Ch\u0103m s\u00f3c \u0111\u1eb7c bi\u1ec7t ban \u0111\u1ea7u (3 th\u00e1ng):<\/strong> U\u1ed1ng 3 vi\u00ean nang v\u00e0o m\u1ed7i bu\u1ed5i s\u00e1ng, chi\u1ec1u v\u00e0 t\u1ed1i, tr\u01b0\u1edbc b\u1eefa \u0103n 1 gi\u1edd (9 vi\u00ean nang\/ng\u00e0y, 3 l\u1ecd = \u0111\u1ee7 d\u00f9ng trong 1 th\u00e1ng)<\/li>\n<li><strong>Khi d\u00f9ng k\u1ebft h\u1ee3p:<\/strong> Trong tr\u01b0\u1eddng h\u1ee3p \u0111\u00e1i d\u1ea7m v\u1ec1 \u0111\u00eam nghi\u00eam tr\u1ecdng (h\u01a1n 4 l\u1ea7n), n\u00ean s\u1eed d\u1ee5ng \u0111\u1ed3ng th\u1eddi NEPHRICARE.<\/li>\n<li><strong>K\u1ebft h\u1ee3p y h\u1ecdc ph\u01b0\u01a1ng T\u00e2y:<\/strong> Duy tr\u00ec kho\u1ea3ng c\u00e1ch \u00edt nh\u1ea5t 2 gi\u1edd<\/li>\n<li><strong>H\u01b0\u1edbng d\u1eabn v\u1ec1 s\u1ee9c ch\u1ee9a:<\/strong> 60 vi\u00ean nang m\u1ed7i l\u1ecd<\/li>\n<li><strong>Th\u1eddi gian s\u1eed d\u1ee5ng khuy\u1ebfn c\u00e1o:<\/strong> Ki\u1ec3m tra sau khi d\u00f9ng thu\u1ed1c li\u00ean t\u1ee5c trong \u00edt nh\u1ea5t 3 th\u00e1ng<\/li>\n<\/ul>\n<h3>\ud83d\udd2c Th\u00e0nh ph\u1ea7n ch\u00ednh v\u00e0 c\u01a1 ch\u1ebf t\u00e1c d\u1ee5ng<\/h3>\n<ul>\n<li><strong>S\u1ef1 k\u1ebft h\u1ee3p c\u1ee7a 9 th\u00e0nh ph\u1ea7n th\u1ea3o d\u01b0\u1ee3c<\/strong> (C\u00e0nh c\u00e2y m\u1eadt g\u1ea5u, c\u1ecd l\u00f9n, k\u1ef7 t\u1eed, ho\u00e0ng k\u1ef3, \u0111\u1ed7 tr\u1ecdng, m\u00e3 \u0111\u1ec1, qu\u1ebf, v.v.)<\/li>\n<li>\u2192 <span class=\"highlight-underline\">C\u1ea3i thi\u1ec7n c\u01a1 b\u1ea3n c\u00e1c v\u1ea5n \u0111\u1ec1 v\u1ec1 tuy\u1ebfn ti\u1ec1n li\u1ec7t b\u1eb1ng c\u00e1ch c\u1ea3i thi\u1ec7n ch\u1ee9c n\u0103ng th\u1eadn<\/span>L\u00c0M.<\/li>\n<\/ul>\n<h3>\ud83d\udcaa T\u00f3m t\u1eaft c\u00e1c t\u00e1c d\u1ee5ng ch\u00ednh<\/h3>\n<table class=\"custom-table\">\n<thead>\n<tr>\n<th>\ud83d\udca1 Ho\u1ea1t \u0111\u1ed9ng<\/th>\n<th>Hi\u1ec7u qu\u1ea3<\/th>\n<\/tr>\n<\/thead>\n<tbody>\n<tr>\n<td><span class=\"highlight-underline\">Ph\u00ec \u0111\u1ea1i tuy\u1ebfn ti\u1ec1n li\u1ec7t v\u00e0 c\u1ea3i thi\u1ec7n ti\u1ec3u ti\u1ec7n<\/span><\/td>\n<td>Gi\u1ea3m ch\u1ee9ng ti\u1ec3u \u0111\u00eam, c\u1ea3m gi\u00e1c n\u01b0\u1edbc ti\u1ec3u c\u00f2n s\u00f3t l\u1ea1i v\u00e0 c\u1ea3m gi\u00e1c bu\u1ed3n ti\u1ec3u<\/td>\n<\/tr>\n<tr>\n<td><span class=\"highlight-underline\">\u0110i\u1ec1u h\u00f2a chuy\u1ec3n h\u00f3a hormone<\/span><\/td>\n<td>C\u00e2n b\u1eb1ng n\u1ed9i ti\u1ebft th\u00f4ng qua ph\u1ee5c h\u1ed3i ch\u1ee9c n\u0103ng th\u1eadn<\/td>\n<\/tr>\n<tr>\n<td><span class=\"highlight-underline\">Qu\u1ea3n l\u00fd cholesterol<\/span><\/td>\n<td>\u0110i\u1ec1u h\u00f2a lipid m\u00e1u \u2192 Duy tr\u00ec s\u1ee9c kh\u1ecfe tuy\u1ebfn ti\u1ec1n li\u1ec7t<\/td>\n<\/tr>\n<tr>\n<td><span class=\"highlight-underline\">Ch\u1ed1ng vi\u00eam<\/span><\/td>\n<td>Gi\u1ea3m vi\u00eam b\u00e0ng quang v\u00e0 tuy\u1ebfn ti\u1ec1n li\u1ec7t \u2192 ph\u1ee5c h\u1ed3i ch\u1ee9c n\u0103ng<\/td>\n<\/tr>\n<tr>\n<td><span class=\"highlight-underline\">C\u1ea3i thi\u1ec7n ch\u1ee9c n\u0103ng t\u00ecnh d\u1ee5c<\/span><\/td>\n<td>C\u1ea3i thi\u1ec7n l\u01b0u l\u01b0\u1ee3ng m\u00e1u v\u00e0 c\u00e2n b\u1eb1ng n\u1ed9i ti\u1ebft t\u1ed1 \u2192 Ph\u1ee5c h\u1ed3i s\u1ee9c s\u1ed1ng<\/td>\n<\/tr>\n<\/tbody>\n<\/table>\n<h3>\ud83d\udd2c C\u01a1 ch\u1ebf ho\u1ea1t \u0111\u1ed9ng v\u00e0 b\u1eb1ng ch\u1ee9ng nghi\u00ean c\u1ee9u<\/h3>\n<ul>\n<li>\u201cCh\u1ee9c n\u0103ng th\u1eadn v\u00e0 t\u00e1c \u0111\u1ed9ng c\u1ee7a n\u00f3 \u0111\u1ebfn s\u1ee9c kh\u1ecfe tuy\u1ebfn ti\u1ec1n li\u1ec7t\u201d \u2013 Vi\u00eam tuy\u1ebfn ti\u1ec1n li\u1ec7t v\u00e0 c\u00e1c v\u1ea5n \u0111\u1ec1 v\u1ec1 ti\u1ebft ni\u1ec7u tr\u1edf n\u00ean tr\u1ea7m tr\u1ecdng h\u01a1n khi ch\u1ee9c n\u0103ng th\u1eadn b\u1ecb suy y\u1ebfu.<\/li>\n<li>\u201cVai tr\u00f2 c\u1ee7a s\u1ef1 c\u00e2n b\u1eb1ng n\u1ed9i ti\u1ebft t\u1ed1 trong \u0111i\u1ec1u tr\u1ecb BPH\u201d \u2013 \u0110i\u1ec1u h\u00f2a s\u1ef1 c\u00e2n b\u1eb1ng n\u1ed9i ti\u1ebft t\u1ed1 th\u00f4ng qua ch\u1ee9c n\u0103ng n\u1ed9i ti\u1ebft c\u1ee7a th\u1eadn<\/li>\n<li>\u201cM\u1ee9c cholesterol v\u00e0 m\u1ed1i li\u00ean h\u1ec7 c\u1ee7a ch\u00fang v\u1edbi ph\u00ec \u0111\u1ea1i tuy\u1ebfn ti\u1ec1n li\u1ec7t\u201d \u2013 M\u1ed1i li\u00ean h\u1ec7 gi\u1eefa t\u0103ng lipid m\u00e1u v\u00e0 ph\u00ec \u0111\u1ea1i l\u00e0nh t\u00ednh tuy\u1ebfn ti\u1ec1n li\u1ec7t<\/li>\n<\/ul>\n<h3>\ud83c\udfc6 \u0110i\u1ec3m kh\u00e1c bi\u1ec7t c\u1ee7a Prostagen<\/h3>\n<ul>\n<li><strong>Ch\u0103m s\u00f3c ba m\u1ee5c ti\u00eau:<\/strong> Qu\u1ea3n l\u00fd t\u1ed5ng h\u1ee3p ch\u1ee9c n\u0103ng th\u1eadn, tuy\u1ebfn ti\u1ec1n li\u1ec7t v\u00e0 t\u00ecnh d\u1ee5c<\/li>\n<li><strong>C\u00f4ng th\u1ee9c c\u00f3 ngu\u1ed3n g\u1ed1c t\u1ef1 nhi\u00ean:<\/strong> An to\u00e0n khi s\u1eed d\u1ee5ng l\u00e2u d\u00e0i<\/li>\n<li><strong>B\u1eb1ng ch\u1ee9ng c\u1ee7a T\u1ea1p ch\u00ed Y khoa:<\/strong> X\u00e1c minh c\u01a1 ch\u1ebf h\u00e0nh \u0111\u1ed9ng d\u1ef1a tr\u00ean nghi\u00ean c\u1ee9u<\/li>\n<li><strong>Nh\u1eefng c\u1ea3i ti\u1ebfn c\u01a1 b\u1ea3n:<\/strong> Gi\u1ea3i quy\u1ebft t\u1eadn g\u1ed1c b\u1ec7nh ph\u00ec \u0111\u1ea1i tuy\u1ebfn ti\u1ec1n li\u1ec7t v\u00e0 c\u00e1c v\u1ea5n \u0111\u1ec1 ti\u1ebft ni\u1ec7u<\/li>\n<\/ul>\n<h3>\u26a0\ufe0f An to\u00e0n v\u00e0 Ph\u00f2ng ng\u1eeba<\/h3>\n<ul>\n<li><strong>N\u00ean tham kh\u1ea3o \u00fd ki\u1ebfn chuy\u00ean gia:<\/strong> Nh\u1eefng ng\u01b0\u1eddi m\u1eafc b\u1ec7nh tuy\u1ebfn ti\u1ec1n li\u1ec7t, th\u1eadn ho\u1eb7c d\u1ecb \u1ee9ng n\u00ean tham kh\u1ea3o \u00fd ki\u1ebfn b\u00e1c s\u0129.<\/li>\n<li><span style=\"color: #ff6600;\"><strong>Kho\u1ea3ng c\u00e1ch gi\u1eefa c\u00e1c l\u1ea7n u\u1ed1ng:<\/strong> Khi d\u00f9ng chung thu\u1ed1c T\u00e2y, ph\u1ea3i duy tr\u00ec kho\u1ea3ng c\u00e1ch \u00edt nh\u1ea5t l\u00e0 2 gi\u1edd.<\/span><\/li>\n<\/ul>\n<\/div>","protected":false},"excerpt":{"rendered":"<div class=\"product-container\">\n<h3>\ud83d\udccc T\u00f3m t\u1eaft s\u1ea3n ph\u1ea9m<\/h3>\n<ul>\n<li><span class=\"highlight-underline\">PROSTAZEN<\/span> \u2013 S\u1ee9c kh\u1ecfe tuy\u1ebfn ti\u1ec1n li\u1ec7t \u0111\u01b0\u1ee3c gi\u1ea3i quy\u1ebft ngay l\u1eadp t\u1ee9c!<\/li>\n<li><span class=\"highlight-underline\">C\u1ea3i thi\u1ec7n t\u00ecnh tr\u1ea1ng ph\u00ec \u0111\u1ea1i l\u00e0nh t\u00ednh tuy\u1ebfn ti\u1ec1n li\u1ec7t, c\u00e1c v\u1ea5n \u0111\u1ec1 v\u1ec1 ti\u1ebft ni\u1ec7u v\u00e0 r\u1ed1i lo\u1ea1n ch\u1ee9c n\u0103ng t\u00ecnh d\u1ee5c<\/span><\/li>\n<li><span class=\"highlight-underline\">T\u0103ng c\u01b0\u1eddng ch\u1ee9c n\u0103ng th\u1eadn v\u00e0 \u0111i\u1ec1u h\u00f2a hormone, \u0111\u00e2y l\u00e0 nguy\u00ean nh\u00e2n g\u1ed1c r\u1ec5<\/span><\/li>\n<li><span class=\"highlight-underline\">Th\u00e0nh ph\u1ea7n th\u1ea3o d\u01b0\u1ee3c + c\u01a1 ch\u1ebf khoa h\u1ecdc<\/span><\/li>\n<\/ul>\n<\/div>","protected":false},"featured_media":2426,"template":"","format":"standard","meta":{"_acf_changed":false},"product_brand":[],"product_cat":[107,110],"product_tag":[],"class_list":{"0":"post-4027","1":"product","2":"type-product","3":"status-publish","4":"format-standard","5":"has-post-thumbnail","7":"product_cat-107","8":"product_cat-110","10":"first","11":"instock","12":"shipping-taxable","13":"purchasable","14":"product-type-simple"},"acf":[],"_links":{"self":[{"href":"https:\/\/cellbio.site\/vi\/wp-json\/wp\/v2\/product\/4027","targetHints":{"allow":["GET"]}}],"collection":[{"href":"https:\/\/cellbio.site\/vi\/wp-json\/wp\/v2\/product"}],"about":[{"href":"https:\/\/cellbio.site\/vi\/wp-json\/wp\/v2\/types\/product"}],"wp:featuredmedia":[{"embeddable":true,"href":"https:\/\/cellbio.site\/vi\/wp-json\/wp\/v2\/media\/2426"}],"wp:attachment":[{"href":"https:\/\/cellbio.site\/vi\/wp-json\/wp\/v2\/media?parent=4027"}],"wp:term":[{"taxonomy":"product_brand","embeddable":true,"href":"https:\/\/cellbio.site\/vi\/wp-json\/wp\/v2\/product_brand?post=4027"},{"taxonomy":"product_cat","embeddable":true,"href":"https:\/\/cellbio.site\/vi\/wp-json\/wp\/v2\/product_cat?post=4027"},{"taxonomy":"product_tag","embeddable":true,"href":"https:\/\/cellbio.site\/vi\/wp-json\/wp\/v2\/product_tag?post=4027"}],"curies":[{"name":"wp","href":"https:\/\/api.w.org\/{rel}","templated":true}]}}